{"id":230,"date":"2025-05-02T15:40:11","date_gmt":"2025-05-02T15:40:11","guid":{"rendered":"https:\/\/www.kampery.info.pl\/?page_id=230"},"modified":"2025-07-31T14:06:56","modified_gmt":"2025-07-31T14:06:56","slug":"dla-majsterkowiczow","status":"publish","type":"page","link":"https:\/\/www.kampery.info.pl\/index.php\/dla-majsterkowiczow\/","title":{"rendered":"Dla majsterkowicz\u00f3w"},"content":{"rendered":"\n<p>Lubisz majsterkowa\u0107? Masz g\u0142ow\u0119 pe\u0142n\u0105 pomys\u0142\u00f3w i chcesz je zrealizowa\u0107 w praktyce? Zapraszamy Ci\u0119 do wyj\u0105tkowego projektu w naszym gara\u017cu projektowym w USA lub Kanadzie!<\/p>\n\n\n\n<p><strong>O co chodzi?<\/strong><br>Oddajemy do Twojej dyspozycji pustego, w miar\u0119 nowego (max pi\u0119cioletni) vana typu &#8222;blaszak&#8221; oraz w pe\u0142ni wyposa\u017cony gara\u017c w Stanach Zjednoczonych. Przez <strong>jeden miesi\u0105c<\/strong> b\u0119dziesz pracowa\u0107 nad zabudow\u0105 swojego wymarzonego kampera <strong>w\u0142asnor\u0119cznie<\/strong>, korzystaj\u0105c z naszego sprz\u0119tu DIY i dowolnych (og\u00f3lnodost\u0119pnych) materia\u0142\u00f3w \u2013 wszystko na nasz koszt.<br>Twoj\u0105 prac\u0119 b\u0119dziesz wykonywa\u0107 <strong>pod okiem naszego do\u015bwiadczonego in\u017cyniera<\/strong>, kt\u00f3ry zadba o bezpiecze\u0144stwo, zgodno\u015b\u0107 z przepisami &#8211; ale nie pomo\u017ce w niczym i niczego Ci\u0119 nie nauczy (bo chodzi o Twoje pomys\u0142y a nie o nasze).<\/p>\n\n\n\n<p><strong>Co zyskujesz?<\/strong><br>W zamian za swoj\u0105 kreatywno\u015b\u0107 i zaanga\u017cowanie, otrzymasz od nas przez kolejne 5 lat co roku <strong>2 miesi\u0105ce darmowych wakacji w kamperze<\/strong>, kt\u00f3ry sam zbudowa\u0142e\u015b! <strong>Mo\u017cesz nim jecha\u0107 w dowolne miejsca w Kanadzie i USA (p\u0142acisz tylko za paliwo, parkingi itp).<\/strong><br>To szansa, by ruszy\u0107 w tras\u0119, sprawdzi\u0107 swoje rozwi\u0105zania w praktyce i prze\u017cy\u0107 niezapomnian\u0105 przygod\u0119.<\/p>\n\n\n\n<p>WA\u017bNE &#8211; do\u0142\u0105czy do Ciebie druga osoba, kt\u00f3ra zg\u0142osi si\u0119 do nas w ramach programu &#8222;<a href=\"https:\/\/www.kampery.info.pl\/index.php\/dla-testerow\/\" data-type=\"page\" data-id=\"66\">Dla Tester\u00f3w<\/a>&#8222;. Je\u015bli, po wzajemnym poznaniu si\u0119, uznacie \u017ce zgadzacie si\u0119 jecha\u0107 razem &#8211; pakujecie plecaki i w drog\u0119&#8230;<\/p>\n\n\n\n<p>Do pojazdu dodamy Wam dwa rowery &#8211; by\u015bcie mogli aktywnie i na sportowo zwiedza\u0107. <\/p>\n\n\n\n<p><strong>Dodatkowo:<\/strong><\/p>\n\n\n\n<ul class=\"wp-block-list\">\n<li>To Ty decydujesz o uk\u0142adzie, stylu i funkcjach kampera. To, co zbudujesz, nie musi by\u0107 perfekcyjne ani \u0142adne &#8211; chcemy si\u0119 inspirowa\u0107 Twoimi pomys\u0142ami i kreatywno\u015bci\u0105 a nie umiej\u0119tno\u015bciami rzemie\u015blniczymi. Musisz jedynie spe\u0142ni\u0107 ameryka\u0144skie przepisy (s\u0105 du\u017ce mniej biurokratyczne ni\u017c polskie, dlatego w\u0142a\u015bnie tam prowadzimy testy) i stworzy\u0107 bezpieczny pojazd (to sprawdzi nasz ekspert). Wolno Ci jednak prowadzi\u0107 tylko zabudow\u0119 &#8211; nie ingerujesz w silnik, hamulce, uk\u0142ad jezdny, systemy bezpiecze\u0144stwa. Nie zmieniasz budowy samochodu.<\/li>\n\n\n\n<li>Ca\u0142y proces budowy dokumentujemy na wideo dla cel\u00f3w analiz wewn\u0119trznych \u2013 od projektu po testy w trasie.<\/li>\n\n\n\n<li>Zastrzegamy sobie prawo do wykorzystania nagra\u0144 oraz Twoich pomys\u0142\u00f3w w dalszym rozwoju projektu i materia\u0142ach promocyjnych. Prawo autorskie Twoich pomys\u0142\u00f3w przechodzi na nas &#8211; to po to prowadzimy te eksperymenty, by zainspirowa\u0107 si\u0119 Twoj\u0105 pomys\u0142owo\u015bci\u0105 do nowych rozwi\u0105za\u0144 w wyposa\u017caniu kamper\u00f3w. <\/li>\n<\/ul>\n\n\n\n<p>Brzmi jak co\u015b dla Ciebie?<br>Zg\u0142o\u015b si\u0119 ju\u017c teraz i zosta\u0144 cz\u0119\u015bci\u0105 czego\u015b naprawd\u0119 wyj\u0105tkowego!<\/p>\n\n\n\n<p>Ograniczenia:<\/p>\n\n\n\n<ol class=\"wp-block-list\">\n<li>Przelot do USA jest Twoim kosztem. Pobyt na miejscu przez miesi\u0105c zabudowy finansujemy my.<\/li>\n\n\n\n<li>Sam musisz za\u0142atwi\u0107 sobie ESTA lub ETA (rodzaj uproszczonej wizy do USA\/Kanady)<\/li>\n\n\n\n<li>Musisz mie\u0107 mi\u0119dzynarodowe prawo jazdy B. Ten wym\u00f3g nie dotyczy Twojego przysz\u0142ego partnera wyjazdu.<\/li>\n\n\n\n<li>Musisz zna\u0107 p\u0142ynnie angielski (by dogada\u0107 si\u0119 z pracownikami warsztatu w kwestiach in\u017cynierskich), umie\u0107 obs\u0142ugiwa\u0107 wiertark\u0119, szlifierk\u0119 k\u0105tow\u0105, lutownic\u0119 itp.). Ten wym\u00f3g nie dotyczy Twojego przysz\u0142ego partnera wyjazdu.<\/li>\n\n\n\n<li>Musisz mie\u0107 podstawow\u0105 wiedz\u0119 dot. elektryczno\u015bci, paneli solarnych, zna\u0107 nie\u017ale matematyk\u0119 i fizyk\u0119 (mo\u017ce nie jak in\u017cynier, ale na poziomie matury w technikum&#8230;). Ten wym\u00f3g nie dotyczy Twojego przysz\u0142ego partnera wyjazdu.<\/li>\n<\/ol>\n","protected":false},"excerpt":{"rendered":"<p>Lubisz majsterkowa\u0107? Masz g\u0142ow\u0119 pe\u0142n\u0105 pomys\u0142\u00f3w i chcesz je zrealizowa\u0107 w praktyce? Zapraszamy Ci\u0119 do wyj\u0105tkowego projektu w naszym gara\u017cu projektowym w USA lub Kanadzie! O co chodzi?Oddajemy do Twojej dyspozycji pustego, w miar\u0119 nowego (max pi\u0119cioletni) vana typu &#8222;blaszak&#8221; oraz w pe\u0142ni wyposa\u017cony gara\u017c w Stanach Zjednoczonych. Przez jeden [&hellip;]<\/p>\n","protected":false},"author":1,"featured_media":0,"parent":0,"menu_order":0,"comment_status":"closed","ping_status":"closed","template":"","meta":{"footnotes":""},"class_list":["post-230","page","type-page","status-publish","hentry"],"_links":{"self":[{"href":"https:\/\/www.kampery.info.pl\/index.php\/wp-json\/wp\/v2\/pages\/230","targetHints":{"allow":["GET"]}}],"collection":[{"href":"https:\/\/www.kampery.info.pl\/index.php\/wp-json\/wp\/v2\/pages"}],"about":[{"href":"https:\/\/www.kampery.info.pl\/index.php\/wp-json\/wp\/v2\/types\/page"}],"author":[{"embeddable":true,"href":"https:\/\/www.kampery.info.pl\/index.php\/wp-json\/wp\/v2\/users\/1"}],"replies":[{"embeddable":true,"href":"https:\/\/www.kampery.info.pl\/index.php\/wp-json\/wp\/v2\/comments?post=230"}],"version-history":[{"count":7,"href":"https:\/\/www.kampery.info.pl\/index.php\/wp-json\/wp\/v2\/pages\/230\/revisions"}],"predecessor-version":[{"id":246,"href":"https:\/\/www.kampery.info.pl\/index.php\/wp-json\/wp\/v2\/pages\/230\/revisions\/246"}],"wp:attachment":[{"href":"https:\/\/www.kampery.info.pl\/index.php\/wp-json\/wp\/v2\/media?parent=230"}],"curies":[{"name":"wp","href":"https:\/\/api.w.org\/{rel}","templated":true}]}}