{"id":279,"date":"2025-10-20T07:13:44","date_gmt":"2025-10-20T07:13:44","guid":{"rendered":"https:\/\/www.kampery.info.pl\/?page_id=279"},"modified":"2025-10-20T07:13:44","modified_gmt":"2025-10-20T07:13:44","slug":"testy-lista-czynnosci","status":"publish","type":"page","link":"https:\/\/www.kampery.info.pl\/index.php\/testy-lista-czynnosci\/","title":{"rendered":"Testy &#8211; lista czynno\u015bci"},"content":{"rendered":"\n<p>Co sezon lista czynno\u015bci testowych do wykonania w naszych kamperach jest inna. To zale\u017cy od testowanego modelu, jego wyposa\u017cenia, realizowanych przez nas w danym momencie zam\u00f3wie\u0144.<\/p>\n\n\n\n<p>W czasie test\u00f3w obowi\u0105zkiem tester\u00f3w jest codzienne monitorowanie i zapisywanie w pliku Excel:<\/p>\n\n\n\n<ol class=\"wp-block-list\">\n<li>pomiar\u00f3w napi\u0119cia akumulator\u00f3w hotelowych (niezale\u017cnie od wpi\u0119tej aplikacji pomiarowej Victron)<\/li>\n\n\n\n<li>pomiar\u00f3w poziomu wody czystej i szarej<\/li>\n\n\n\n<li>cz\u0119stotliwo\u015bci wymian wody czarnej<\/li>\n\n\n\n<li>tempa zu\u017cycia wody filtrowanej &#8211; pitnej<\/li>\n\n\n\n<li>zu\u017cycia paliwa <\/li>\n<\/ol>\n\n\n\n<p>Dodatkowo, czeka Was przetestowanie:<\/p>\n\n\n\n<ol class=\"wp-block-list\">\n<li>sposobu brania k\u0105pieli przy \u015brednim i mocnym podgrzaniu wody, oraz w trybie &#8222;zu\u017cycie minimalne&#8221; czyli test trybu superoszcz\u0119dnego  (niestety oznacza to mniejszy komfort k\u0105pieli)<\/li>\n\n\n\n<li>nowego sedesu (minimalizuj\u0105cego zu\u017cycie wody) &#8211; model w fazie testowej, wymaga nieco cz\u0119stszego wietrzenia kabiny WC by unikn\u0105\u0107 zapach\u00f3w<\/li>\n\n\n\n<li>test zabezpiecze\u0144 antykradzie\u017cowych drzwi bocznych, przesuwnych i tylnych, oraz czujek antyw\u0142amaniowych<\/li>\n\n\n\n<li>testy nowych mocowa\u0144 i prowadnic dla rower\u00f3w<\/li>\n\n\n\n<li>testy nowego systemu rozk\u0142adania \u0142\u00f3\u017cek (mog\u0105 nieco utrudni\u0107 wygod\u0119 snu &#8211; niestety, takie s\u0105 minusy pojazd\u00f3w testowych)<\/li>\n\n\n\n<li>test por\u00f3wnawczy czyszczenia i piel\u0119gnacji dw\u00f3ch typ\u00f3w paneli solarnych<\/li>\n\n\n\n<li>oraz kilka mniejszych, kr\u00f3tkich test\u00f3w wyposa\u017cenia dodatkowego <\/li>\n<\/ol>\n\n\n\n<p>Obecnie, opr\u00f3cz standardowych test\u00f3w czeka Was te\u017c sporo test\u00f3w kulinarnych zwi\u0105zanych ze zu\u017cyciem gazu w instalacji kuchennej nowego typu. Oznacza to konieczno\u015b\u0107 jadania \u015bniadania oraz dodatkowo obiadu lub kolacji &#8211; w kamperze, a nie np. knajpkach, wraz z dok\u0142adnym dokumentowaniem zu\u017cycia gazu (szczeg\u00f3\u0142owy spos\u00f3b pomiaru przekazujemy w instrukcji testerskiej). <\/p>\n\n\n\n<p>Po zako\u0144czonych testach czeka Was wype\u0142nienie obowi\u0105zkowej ankiety. Dodatkowo, wybrane testy dokumentujecie fotograficznie. <\/p>\n\n\n\n<p>Zdajemy sobie spraw\u0119 \u017ce powy\u017csze testy obni\u017caj\u0105 Wasz komfort wypoczynku i zajmuj\u0105 czas &#8211; s\u0105 jednak niezb\u0119dne. <\/p>\n","protected":false},"excerpt":{"rendered":"<p>Co sezon lista czynno\u015bci testowych do wykonania w naszych kamperach jest inna. To zale\u017cy od testowanego modelu, jego wyposa\u017cenia, realizowanych przez nas w danym momencie zam\u00f3wie\u0144. W czasie test\u00f3w obowi\u0105zkiem tester\u00f3w jest codzienne monitorowanie i zapisywanie w pliku Excel: Dodatkowo, czeka Was przetestowanie: Obecnie, opr\u00f3cz standardowych test\u00f3w czeka Was te\u017c [&hellip;]<\/p>\n","protected":false},"author":1,"featured_media":0,"parent":0,"menu_order":0,"comment_status":"closed","ping_status":"closed","template":"","meta":{"footnotes":""},"class_list":["post-279","page","type-page","status-publish","hentry"],"_links":{"self":[{"href":"https:\/\/www.kampery.info.pl\/index.php\/wp-json\/wp\/v2\/pages\/279","targetHints":{"allow":["GET"]}}],"collection":[{"href":"https:\/\/www.kampery.info.pl\/index.php\/wp-json\/wp\/v2\/pages"}],"about":[{"href":"https:\/\/www.kampery.info.pl\/index.php\/wp-json\/wp\/v2\/types\/page"}],"author":[{"embeddable":true,"href":"https:\/\/www.kampery.info.pl\/index.php\/wp-json\/wp\/v2\/users\/1"}],"replies":[{"embeddable":true,"href":"https:\/\/www.kampery.info.pl\/index.php\/wp-json\/wp\/v2\/comments?post=279"}],"version-history":[{"count":1,"href":"https:\/\/www.kampery.info.pl\/index.php\/wp-json\/wp\/v2\/pages\/279\/revisions"}],"predecessor-version":[{"id":281,"href":"https:\/\/www.kampery.info.pl\/index.php\/wp-json\/wp\/v2\/pages\/279\/revisions\/281"}],"wp:attachment":[{"href":"https:\/\/www.kampery.info.pl\/index.php\/wp-json\/wp\/v2\/media?parent=279"}],"curies":[{"name":"wp","href":"https:\/\/api.w.org\/{rel}","templated":true}]}}