{"id":289,"date":"2025-10-20T19:18:49","date_gmt":"2025-10-20T19:18:49","guid":{"rendered":"https:\/\/www.kampery.info.pl\/?page_id=289"},"modified":"2025-10-20T19:18:49","modified_gmt":"2025-10-20T19:18:49","slug":"kim-sa-nasi-testerzy","status":"publish","type":"page","link":"https:\/\/www.kampery.info.pl\/index.php\/kim-sa-nasi-testerzy\/","title":{"rendered":"Kim s\u0105 nasi testerzy?"},"content":{"rendered":"\n<p>Ka\u017cdy test ma inne zasady \u2013 wynikaj\u0105ce z naszych kontrakt\u00f3w dla klient\u00f3w. Jedne zak\u0142adaj\u0105 pobyty stacjonarne (rodzinne kempingowanie w Chorwacji) a inne aktywne i dzikie kempowanie (np. zwiedzanie Portugalii od jednej pla\u017cy do kolejnej z kajakami).\u00a0 Raz wi\u0119c zaakceptujemy rodzin\u0119, a innym razem sportowego singla lub singielk\u0119. To \u201esportowe\u201d jest jednak preferowane \u2013 projektujemy g\u0142\u00f3wnie kampery dla aktywnych outdoorowc\u00f3w i backpackers\u00f3w, bo tego oczekuje dzi\u015b rynek VanLife.\u00a0 Mowa zar\u00f3wno o testach letnich, jak i zimowych (te dotycz\u0105 g\u0142\u00f3wnie produkcji zimowych kamper\u00f3w dla narciarek, narciarzy i snowboardzist\u00f3w).<\/p>\n\n\n\n<p>W zasadzie jedyn\u0105 regu\u0142\u0105 jest to, \u017ce \u2013 maj\u0105c wielu ch\u0119tnych student\u00f3w i emeryt\u00f3w \u2013 szukamy dla r\u00f3wnowagi os\u00f3b w wieku 35-55. A maj\u0105c ogromnie du\u017co zg\u0142osze\u0144 od pan\u00f3w (ok. 85%) , szukamy dla r\u00f3wnowagi pa\u0144. Nie przyjmujemy natomiast os\u00f3b nieletnich.<\/p>\n\n\n\n<p>Je\u015bli mamy zg\u0142oszenia od dw\u00f3ch singli kt\u00f3rzy \u201edogadali si\u0119\u201d&nbsp; np. na jakiej\u015b grupie na Facebooku \u2013 oboje musz\u0105 si\u0119 zg\u0142osi\u0107 indywidualnie. W zg\u0142oszeniu mo\u017cna poda\u0107 np. \u201epreferuj\u0119 wyjazd z osob\u0105\u2026\u201d, ale nie dajemy na to gwarancji (bo np. jedna osoba z takiej pary spe\u0142nia nasze aktualne kryteria testowe a inna nie). Je\u015bli jednak otrzymasz ofert\u0119 wyjazdu z inn\u0105 osob\u0105 ni\u017c zak\u0142ada\u0142 Tw\u00f3j plan, masz do wyboru:<\/p>\n\n\n\n<ol start=\"1\" class=\"wp-block-list\">\n<li>Zrezygnowa\u0107<\/li>\n\n\n\n<li>Pozna\u0107 si\u0119 z t\u0105 osoba np. poprzez videokonferencj\u0119 i dopiero potem zdecydowa\u0107. Rezygnacja po takim zapoznaniu nie jest odbierana negatywnie \u2013 po prostu zapisujemy Ci\u0119 do bazy i zaprosimy na kolejny wyjazd przy kolejnej okazji.<\/li>\n<\/ol>\n\n\n\n<p>Je\u015bli obie osoby potwierdz\u0105 wyjazd, zgadzaj\u0105 si\u0119 co do terminu i lokalizacji (sk\u0105d odbieracie pojazd i gdzie go oddajecie) \u2013 rezerwujemy pojazd. Je\u015bli termin jest niemo\u017cliwy (np. pojazd jest niedost\u0119pny) \u2013 wsp\u00f3lnie szukamy alternatywnego terminu i ewentualnie miejsca. Staramy si\u0119 by\u0107 elastyczni \u2013 na ile pozwala nam harmonogram test\u00f3w.<\/p>\n\n\n\n<p><\/p>\n","protected":false},"excerpt":{"rendered":"<p>Ka\u017cdy test ma inne zasady \u2013 wynikaj\u0105ce z naszych kontrakt\u00f3w dla klient\u00f3w. Jedne zak\u0142adaj\u0105 pobyty stacjonarne (rodzinne kempingowanie w Chorwacji) a inne aktywne i dzikie kempowanie (np. zwiedzanie Portugalii od jednej pla\u017cy do kolejnej z kajakami).\u00a0 Raz wi\u0119c zaakceptujemy rodzin\u0119, a innym razem sportowego singla lub singielk\u0119. To \u201esportowe\u201d jest [&hellip;]<\/p>\n","protected":false},"author":1,"featured_media":0,"parent":0,"menu_order":0,"comment_status":"closed","ping_status":"closed","template":"","meta":{"footnotes":""},"class_list":["post-289","page","type-page","status-publish","hentry"],"_links":{"self":[{"href":"https:\/\/www.kampery.info.pl\/index.php\/wp-json\/wp\/v2\/pages\/289","targetHints":{"allow":["GET"]}}],"collection":[{"href":"https:\/\/www.kampery.info.pl\/index.php\/wp-json\/wp\/v2\/pages"}],"about":[{"href":"https:\/\/www.kampery.info.pl\/index.php\/wp-json\/wp\/v2\/types\/page"}],"author":[{"embeddable":true,"href":"https:\/\/www.kampery.info.pl\/index.php\/wp-json\/wp\/v2\/users\/1"}],"replies":[{"embeddable":true,"href":"https:\/\/www.kampery.info.pl\/index.php\/wp-json\/wp\/v2\/comments?post=289"}],"version-history":[{"count":1,"href":"https:\/\/www.kampery.info.pl\/index.php\/wp-json\/wp\/v2\/pages\/289\/revisions"}],"predecessor-version":[{"id":291,"href":"https:\/\/www.kampery.info.pl\/index.php\/wp-json\/wp\/v2\/pages\/289\/revisions\/291"}],"wp:attachment":[{"href":"https:\/\/www.kampery.info.pl\/index.php\/wp-json\/wp\/v2\/media?parent=289"}],"curies":[{"name":"wp","href":"https:\/\/api.w.org\/{rel}","templated":true}]}}