{"id":6,"date":"2021-06-18T19:27:00","date_gmt":"2021-06-18T19:27:00","guid":{"rendered":"http:\/\/www.kampery.info.pl\/?page_id=6"},"modified":"2023-01-15T17:32:53","modified_gmt":"2023-01-15T17:32:53","slug":"o-nas","status":"publish","type":"page","link":"https:\/\/www.kampery.info.pl\/index.php\/o-nas\/","title":{"rendered":"O firmie"},"content":{"rendered":"\n<p>Nasza historia rozpocz\u0119\u0142a si\u0119 w roku 1994. Gdy w Polsce na kempingach kr\u00f3lowa\u0142a przyczepa Niewiad\u00f3w, bracia Pawe\u0142 i Tomasz Nowakowie \u2013 stolarz i mechanik samochodowy \u2013 stworzyli jednego z pierwszych polskich campervan\u00f3w w stylu retro.&nbsp; <\/p>\n\n\n\n<figure class=\"wp-block-image size-large\"><img loading=\"lazy\" decoding=\"async\" width=\"1024\" height=\"768\" src=\"http:\/\/www.kampery.info.pl\/wp-content\/uploads\/2021\/06\/camping-1106782_1280-1024x768.jpg\" alt=\"\" class=\"wp-image-70\" srcset=\"https:\/\/www.kampery.info.pl\/wp-content\/uploads\/2021\/06\/camping-1106782_1280-1024x768.jpg 1024w, https:\/\/www.kampery.info.pl\/wp-content\/uploads\/2021\/06\/camping-1106782_1280-300x225.jpg 300w, https:\/\/www.kampery.info.pl\/wp-content\/uploads\/2021\/06\/camping-1106782_1280-768x576.jpg 768w, https:\/\/www.kampery.info.pl\/wp-content\/uploads\/2021\/06\/camping-1106782_1280.jpg 1280w\" sizes=\"auto, (max-width: 1024px) 100vw, 1024px\" \/><\/figure>\n\n\n\n<p>I by\u0107 mo\u017ce ta historia rozpocz\u0119\u0142aby ich podr\u00f3\u017c dooko\u0142a \u015bwiata, gdyby nie pierwszy przystanek na kempingu w Ko\u0142obrzegu. &nbsp;To tam w jasnooliwkowej strzale zakocha\u0142a si\u0119 pani Stine, w\u0142a\u015bcicielka wypo\u017cyczalni kamper\u00f3w spod Amsterdamu.&nbsp; \u2013 Sprzedajcie mi go, zap\u0142ac\u0119 tyle, \u017ce zrobicie sobie kolejne dwa \u2013 namawia\u0142a businesswoman. I faktycznie, kilka dni p\u00f3\u017aniej (bo przecie\u017c wtedy nie by\u0142o jeszcze przelew\u00f3w online) na koncie braci znalaz\u0142a si\u0119 kwota, jakiej wcze\u015bniej nigdy nie widzieli na oczy. Strza\u0142a pow\u0119drowa\u0142a &nbsp;do&nbsp; Holandii, a Tomasz ponownie ruszy\u0142 z lawet\u0105 do Niemiec \u2013 wyszuka\u0107 dwie stare-nowe furgonetki volkswagena. &nbsp;Jedn\u0105 kupowa\u0142 dla siebie i brata. Drug\u0105\u2026 dla pani Stine. Bo w mi\u0119dzyczasie Pawe\u0142, kt\u00f3ry by\u0142 lepszym negocjatorem, &nbsp;um\u00f3wi\u0142 si\u0119 z ni\u0105 na sta\u0142\u0105 wsp\u00f3\u0142prac\u0119: dostawa jednego egzemplarza na kwarta\u0142.<\/p>\n\n\n\n<p>Min\u0119\u0142o kilka kolejnych lat i jedna z furgonetek &nbsp;wygra\u0142a wa\u017cn\u0105 nagrod\u0119 na targach kampingowych w Dusseldorfie. &nbsp;<\/p>\n\n\n\n<figure class=\"wp-block-image size-large\"><img loading=\"lazy\" decoding=\"async\" width=\"1024\" height=\"724\" src=\"http:\/\/www.kampery.info.pl\/wp-content\/uploads\/2021\/06\/vwbus-2450216_1280-1024x724.jpg\" alt=\"\" class=\"wp-image-83\" srcset=\"https:\/\/www.kampery.info.pl\/wp-content\/uploads\/2021\/06\/vwbus-2450216_1280-1024x724.jpg 1024w, https:\/\/www.kampery.info.pl\/wp-content\/uploads\/2021\/06\/vwbus-2450216_1280-300x212.jpg 300w, https:\/\/www.kampery.info.pl\/wp-content\/uploads\/2021\/06\/vwbus-2450216_1280-768x543.jpg 768w, https:\/\/www.kampery.info.pl\/wp-content\/uploads\/2021\/06\/vwbus-2450216_1280.jpg 1280w\" sizes=\"auto, (max-width: 1024px) 100vw, 1024px\" \/><\/figure>\n\n\n\n<p>To wtedy do braci odezwa\u0142 si\u0119 w\u0142a\u015bciciel pewnej du\u017cej firmy produkuj\u0105cej kampery. \u2013 Mo\u017ce zaj\u0119liby\u015bcie si\u0119 designem \u2013 zaproponowa\u0142. \u2013 Tw\u00f3rzcie nowe linie wyposa\u017cenia wn\u0119trz, nowe meble, prysznice, kuchenki, a ja kupie wasze projekty i b\u0119d\u0119 je produkowa\u0107 seryjnie. Dzi\u0119ki temu wasze pomys\u0142y dostan\u0105 \u017cycie w setkach pojazd\u00f3w, a nie tylko kilku.<\/p>\n\n\n\n<p>Dzi\u015b, wiele lat p\u00f3\u017aniej, firma Paw\u0142a i Tomasza nazywa si\u0119 CamperLine \u2013 bo cho\u0107 ma polskie korzenie, to jednak pracuje w 100% dla zachodnioeuropejskich klient\u00f3w. W warsztacie sp\u00f3\u0142ki pracuje ju\u017c prawie dwudziestu elektryk\u00f3w, stolarzy, mechanik\u00f3w, hydraulik\u00f3w i lakiernik\u00f3w. <\/p>\n\n\n\n<div class=\"wp-block-image\"><figure class=\"aligncenter size-large\"><img loading=\"lazy\" decoding=\"async\" width=\"565\" height=\"291\" src=\"http:\/\/www.kampery.info.pl\/wp-content\/uploads\/2021\/06\/kampery-team.jpg\" alt=\"\" class=\"wp-image-109\" srcset=\"https:\/\/www.kampery.info.pl\/wp-content\/uploads\/2021\/06\/kampery-team.jpg 565w, https:\/\/www.kampery.info.pl\/wp-content\/uploads\/2021\/06\/kampery-team-300x155.jpg 300w\" sizes=\"auto, (max-width: 565px) 100vw, 565px\" \/><\/figure><\/div>\n\n\n\n<p>Obecnie nasze projekty trafiaj\u0105 do a\u017c czterech odbiorc\u00f3w. Linia Retro \u2013 nadal do Holandii. Linia SaharaTruck (pojazdy pustynne) \u2013 do Wielkiej Brytanii. Linia FamilyBus (wielkie mieszkania-autobusy) \u2013 do USA. I linia OutdoorVan (sportowe campery na bazie m.in. Ducato, Craftera i Sprintera) \u2013 do Francji. Dodatkowo, w ramach linii EcoWheels ptojektowane s\u0105 rozwi\u0105zania eko-kamperowe: panele fotowoltaiczne oraz systemy oszcz\u0119dzania i odzyskiwania wody. To rozwi\u0105zania przysz\u0142o\u015bci \u2013 kt\u00f3re do seryjnej produkcji trafi\u0105 za kilka lat. &nbsp;<\/p>\n\n\n\n<figure class=\"wp-block-image size-large\"><img loading=\"lazy\" decoding=\"async\" width=\"1024\" height=\"682\" src=\"http:\/\/www.kampery.info.pl\/wp-content\/uploads\/2021\/06\/rv-5583541_1280-1024x682.jpg\" alt=\"\" class=\"wp-image-71\" srcset=\"https:\/\/www.kampery.info.pl\/wp-content\/uploads\/2021\/06\/rv-5583541_1280-1024x682.jpg 1024w, https:\/\/www.kampery.info.pl\/wp-content\/uploads\/2021\/06\/rv-5583541_1280-300x200.jpg 300w, https:\/\/www.kampery.info.pl\/wp-content\/uploads\/2021\/06\/rv-5583541_1280-768x512.jpg 768w, https:\/\/www.kampery.info.pl\/wp-content\/uploads\/2021\/06\/rv-5583541_1280-360x240.jpg 360w, https:\/\/www.kampery.info.pl\/wp-content\/uploads\/2021\/06\/rv-5583541_1280.jpg 1280w\" sizes=\"auto, (max-width: 1024px) 100vw, 1024px\" \/><\/figure>\n\n\n\n<p>W 2021 roku, zm\u0119czeni zmianami przepis\u00f3w w Polskim \u0141adzie, zmuszeni byli\u015bmy przenie\u015b\u0107 firm\u0119 do Czech (zak\u0142ad technologiczny) i Holandii (siedziba prawna &#8211; po\u0142\u0105czyli\u015bmy udzia\u0142y z partnersk\u0105 firm\u0105 zajmuj\u0105c\u0105 si\u0119 rozwojem i testami sprz\u0119tu turystycznego i g\u00f3rskiego). Co prawda zak\u0142ad technologiczny &#8222;wyemigrowa\u0142&#8221; tylko kilka kilometr\u00f3w od polskiej granicy (by pozwoli\u0107 ca\u0142ej polskiej za\u0142odze zosta\u0107 z nami) &#8211; ale jednak obecnie operujemy i oferujemy nasze us\u0142ugi z Czech&#8230;  <\/p>\n","protected":false},"excerpt":{"rendered":"<p>Nasza historia rozpocz\u0119\u0142a si\u0119 w roku 1994. Gdy w Polsce na kempingach kr\u00f3lowa\u0142a przyczepa Niewiad\u00f3w, bracia Pawe\u0142 i Tomasz Nowakowie \u2013 stolarz i mechanik samochodowy \u2013 stworzyli jednego z pierwszych polskich campervan\u00f3w w stylu retro.&nbsp; I by\u0107 mo\u017ce ta historia rozpocz\u0119\u0142aby ich podr\u00f3\u017c dooko\u0142a \u015bwiata, gdyby nie pierwszy przystanek na [&hellip;]<\/p>\n","protected":false},"author":1,"featured_media":0,"parent":0,"menu_order":0,"comment_status":"closed","ping_status":"closed","template":"","meta":{"footnotes":""},"class_list":["post-6","page","type-page","status-publish","hentry"],"_links":{"self":[{"href":"https:\/\/www.kampery.info.pl\/index.php\/wp-json\/wp\/v2\/pages\/6","targetHints":{"allow":["GET"]}}],"collection":[{"href":"https:\/\/www.kampery.info.pl\/index.php\/wp-json\/wp\/v2\/pages"}],"about":[{"href":"https:\/\/www.kampery.info.pl\/index.php\/wp-json\/wp\/v2\/types\/page"}],"author":[{"embeddable":true,"href":"https:\/\/www.kampery.info.pl\/index.php\/wp-json\/wp\/v2\/users\/1"}],"replies":[{"embeddable":true,"href":"https:\/\/www.kampery.info.pl\/index.php\/wp-json\/wp\/v2\/comments?post=6"}],"version-history":[{"count":7,"href":"https:\/\/www.kampery.info.pl\/index.php\/wp-json\/wp\/v2\/pages\/6\/revisions"}],"predecessor-version":[{"id":151,"href":"https:\/\/www.kampery.info.pl\/index.php\/wp-json\/wp\/v2\/pages\/6\/revisions\/151"}],"wp:attachment":[{"href":"https:\/\/www.kampery.info.pl\/index.php\/wp-json\/wp\/v2\/media?parent=6"}],"curies":[{"name":"wp","href":"https:\/\/api.w.org\/{rel}","templated":true}]}}