{"id":66,"date":"2021-06-18T20:25:55","date_gmt":"2021-06-18T20:25:55","guid":{"rendered":"http:\/\/www.kampery.info.pl\/?page_id=66"},"modified":"2025-11-04T09:18:13","modified_gmt":"2025-11-04T09:18:13","slug":"dla-testerow","status":"publish","type":"page","link":"https:\/\/www.kampery.info.pl\/index.php\/dla-testerow\/","title":{"rendered":"Dla Tester\u00f3w"},"content":{"rendered":"<div class=\"wp-block-image\">\n<figure class=\"alignright size-large\"><img loading=\"lazy\" decoding=\"async\" width=\"422\" height=\"238\" src=\"https:\/\/www.kampery.info.pl\/wp-content\/uploads\/2021\/06\/testy.jpg\" alt=\"\" class=\"wp-image-122\" srcset=\"https:\/\/www.kampery.info.pl\/wp-content\/uploads\/2021\/06\/testy.jpg 422w, https:\/\/www.kampery.info.pl\/wp-content\/uploads\/2021\/06\/testy-300x169.jpg 300w\" sizes=\"auto, (max-width: 422px) 100vw, 422px\" \/><\/figure><\/div>\n\n\n<p>Wszystkie nasze rozwi\u0105zania przechodz\u0105 trzy testy. Najpierw laboratoryjno \u2013 homologacyjne (np. bezpiecze\u0144stwa). &nbsp;Potem obci\u0105\u017ceniowe (wytrzyma\u0142o\u015bci, bezawaryjno\u015bci). I na ko\u0144cu konsumenckie (wygody, \u0142atwo\u015bci i praktyczno\u015bci obs\u0142ugi). <strong>Do tych trzecich stale poszukujemy tester\u00f3w (singli i pary). Os\u00f3b, kt\u00f3re nie s\u0105 do\u015bwiadczonymi kamperowiczami, ale interesuje ich wypoczynek w kamperze lub przyczepie. <\/strong>&nbsp;Wasz punkt widzenia jest dla nas wa\u017cny \u2013 bo Wasze potrzeby s\u0105 pewnie podobne do potrzeb przysz\u0142ych nabywc\u00f3w kamper\u00f3w. To Wy m\u00f3wicie nam, co w naszych projektach jest niewygodne i nieintuicyjne, albo podpowiadacie \u015bwie\u017ce pomys\u0142y na kt\u00f3re nie wpadnie in\u017cynier z dwudziestoletnim do\u015bwiadczeniem.<\/p>\n\n\n\n<figure class=\"wp-block-image size-large\"><img loading=\"lazy\" decoding=\"async\" width=\"900\" height=\"600\" src=\"http:\/\/www.kampery.info.pl\/wp-content\/uploads\/2021\/06\/a1d2e2802d2f021e6d989ea875d37369.jpg\" alt=\"\" class=\"wp-image-103\" srcset=\"https:\/\/www.kampery.info.pl\/wp-content\/uploads\/2021\/06\/a1d2e2802d2f021e6d989ea875d37369.jpg 900w, https:\/\/www.kampery.info.pl\/wp-content\/uploads\/2021\/06\/a1d2e2802d2f021e6d989ea875d37369-300x200.jpg 300w, https:\/\/www.kampery.info.pl\/wp-content\/uploads\/2021\/06\/a1d2e2802d2f021e6d989ea875d37369-768x512.jpg 768w, https:\/\/www.kampery.info.pl\/wp-content\/uploads\/2021\/06\/a1d2e2802d2f021e6d989ea875d37369-360x240.jpg 360w\" sizes=\"auto, (max-width: 900px) 100vw, 900px\" \/><\/figure>\n\n\n\n<p><strong>Zapraszamy do programu, w kt\u00f3rym Wy dostaniecie bezp\u0142atnie naszego kampera na weekend albo na kr\u00f3tkie wakacje (a w USA i Kanadzie na miesi\u0105c lub dwa). Przy czym &#8211; nie jest to &#8222;gratis&#8221;. B\u0119dziecie musieli codziennie wykona\u0107 kilka (czasem pracoch\u0142onnych) test\u00f3w, pomiar\u00f3w i eksperyment\u00f3w (od techniczno-serwisowych po kulinarne). <\/strong><\/p>\n\n\n\n<p>Jakie testy s\u0105 do wykonania?<strong> Ich list\u0119 znajdziecie <a href=\"https:\/\/www.kampery.info.pl\/index.php\/testy-lista-czynnosci\/\" data-type=\"page\" data-id=\"279\" target=\"_blank\" rel=\"noreferrer noopener\">tutaj<\/a><\/strong>. Jak dobieramy i akceptujemy tester\u00f3w &#8211; <strong><a href=\"https:\/\/www.kampery.info.pl\/index.php\/kim-sa-nasi-testerzy\/\" data-type=\"page\" data-id=\"289\" target=\"_blank\" rel=\"noreferrer noopener\">tutaj<\/a><\/strong>.<\/p>\n\n\n\n<p>Ponadto, nie wolno Wam publikowa\u0107 fotografii pojazd\u00f3w i ich element\u00f3w. Musicie si\u0119 liczy\u0107 z ograniczeniami (niekt\u00f3re pojazdy maj\u0105 niepe\u0142ne wyposa\u017cenie, np. brak lod\u00f3wki), niewygodami (np. niesprawdzony jeszcze mechanizm poziomowania \u0142\u00f3\u017cka, albo niedost\u0119pny baga\u017cnik zaj\u0119ty na sprz\u0119t testerski) a ew. awarie testowanego sprz\u0119tu to czasem 1-2 dni op\u00f3\u017anienia (nim przyjedziemy z zamiennikiem). \u00a0\u00a0Czasem te\u017c prosimy o testy w konkretnych warunkach (np. na trasach g\u00f3rskich, zim\u0105 albo z jazd\u0105 na autostradach) \u2013 bior\u0105c kampera, godzicie si\u0119 na te ograniczenia. \u00a0\u00a0<\/p>\n\n\n\n<p>Oczywi\u015bcie, mamy nadzieje \u017ce \u2013 poza czasem w kamperze \u2013 sp\u0119dzicie milo czas wypoczynku. Nasze pojazdy maj\u0105 miejsce na rowery, cz\u0119\u015b\u0107 ma baga\u017cnik na kajak\/SUP\/desk\u0119 surfingow\u0105, niekt\u00f3re pozwalaj\u0105 zimowa\u0107 w kurortach narciarskich\u2026 Bawcie si\u0119 dobrze.<\/p>\n\n\n\n<p>W wersji testowej wszystkie s\u0105 dwuosobowe (i do\u015b\u0107 ciasne z uwagi na miejsce zaj\u0119te przez sprz\u0119t do test\u00f3w). Zapraszamy wi\u0119c do test\u00f3w pary oraz singli. W przypadku tych ostatnich \u2013 spr\u00f3bujemy Was po\u0142\u0105czy\u0107 w osoby o podobnych preferencjach i wieku (st\u0105d pytania w ankiecie dot. Waszych preferencji wakacyjnych i wyjazdowych).<\/p>\n\n\n\n<p>Je\u015bli w kamperze podr\u00f3\u017cowa\u0107 b\u0119dzie <strong>dwoje singli,<\/strong> uprzedzamy \u017ce pojazd ma 2 osobne \u0142\u00f3\u017cka ale we wsp\u00f3lnym pomieszczeniu (wsp\u00f3lna jest tak\u017ce \u0142azienka). Przed wyjazdem przeka\u017cemy Wam te\u017c wzajemne kontakty e-mail i poprosimy, by\u015bcie ze sob\u0105 porozmawiali lub spotkali si\u0119 &#8211; celem upewnienia si\u0119, \u017ce macie podobne plany i chcecie sp\u0119dzi\u0107 wyjazd razem. <\/p>\n\n\n\n<p>Kampery odbieracie zwykle w rejonie testowania &#8211; z lokalnego lotniska, np. Girona, Bergamo, Amsterdam, Marsylia, Malaga, Palma de Mallorca. A te w USA i Kanadzie &#8211; zwykle z Chicago lub Montrealu.<\/p>\n\n\n\n<p>Je\u015bli jeste\u015b (jeste\u015bcie) zainteresowani testami &#8211; prosimy o wype\u0142nienie poni\u017cszej ankiety. Wasze dane trafi\u0105 TYLKO do naszej bazy. Nie pos\u0142u\u017c\u0105 do reklamy, nie b\u0119d\u0105 nikomu udost\u0119pniane, a je\u015bli przez 18 miesi\u0119cy nie uda nam si\u0119 nawi\u0105za\u0107 kontaktu (bo zwykle mamy wi\u0119cej ch\u0119tnych ni\u017c mo\u017cliwo\u015bci) &#8211; automatycznie je usuniemy (chyba \u017ce wyra\u017anie w jednym z p\u00f3l ankiety poprosicie o trzymanie ich do odwo\u0142ania albo o usuni\u0119cie wcze\u015bniej). Na ka\u017cde inne \u017c\u0105danie e-mailem tak\u017ce usuwamy dane. <\/p>\n\n\n\n<p><strong>Wa\u017cne: je\u015bli aplikuje para, jedna z os\u00f3b MUSI mie\u0107 kategori\u0119 prawa jazdy &#8222;C&#8221; &#8211; to warunek nieodwo\u0142alny. Je\u015bli za\u015b singiel czy singielka &#8211; niekoniecznie, bo tak\u0105 osob\u0119 do\u0142\u0105czymy do innego singla z prawem jazdy C. <\/strong><\/p>\n\n\n\n<p>Cz\u0119sto pytacie o koszty pobytu. To oczywi\u015bcie Wasza sprawa ale zwykle to bilet do lokalnego lotniska (200-1000z\u0142), paliwo (300-700z\u0142 do podzia\u0142u na 2 osoby), poza tym tydzie\u0144 jedzenia (sami decydujecie jak si\u0119 sto\u0142ujecie) i ew kempingi (cho\u0107 nasze pojazdy s\u0105 gotowe do nocowania np na parkingach przy pla\u017cy czy darmowych centrach piknikowych). \u015arednio nasi testerzy na tydzie\u0144 wydaj\u0105 1500z\u0142, je\u015bli lec\u0105 tani\u0105 lini\u0105 i sami gotuj\u0105 w samochodzie lokalne produkty. Nie ponosicie koszt\u00f3w ubezpieczenia pojazdu, napraw okresowych, napraw awarii wynikaj\u0105cych ze zu\u017cycia lub z przypadku (np uderzy\u0142 w Was kamie\u0144 spod TIRa). Natomiast kierowca naprawia na sw\u00f3j koszt kwestie zawinione np. urwali\u015bcie dach bo wjechali\u015bcie pod zbyt niski most. My egzekwujemy to od kierowcy (pami\u0119tajcie \u017ce kierowca musi mie\u0107 prawo jazdy kategorii C) &#8211; a on ew. dzieli si\u0119 kosztem z pasa\u017cerem.<\/p>\n\n\n\n<p><em>UWAGA! Tester-kierowca mo\u017ce te\u017c uczestniczy\u0107 przez kilka dni w pracach eksperymentalnych w naszym warsztacie, je\u015bli zna p\u0142ynnie angielski (s\u0142ownictwo techniczne), oraz ma wysok\u0105 wiedz\u0119 o wybranym aspekcie technologii kamperowej (np. fotowoltaika, pneumatyka, hydraulika&#8230;). Zainteresowanych prosimy o zg\u0142aszanie ch\u0119ci pracy warsztatowej w formularzu.<\/em><\/p>\n\n\n\n<p>Na cz\u0119\u015b\u0107 pyta\u0144 odpowie relacja jednej z testerek na jej blogu &#8211; kliknij <strong><a href=\"https:\/\/hrbezbiurka.wordpress.com\/2025\/03\/14\/jak-testowalam-kampera\/\" data-type=\"URL\" data-id=\"https:\/\/hrbezbiurka.wordpress.com\/2025\/03\/14\/jak-testowalam-kampera\/\" target=\"_blank\" rel=\"noreferrer noopener\">tutaj<\/a><\/strong> i <strong><a href=\"https:\/\/hrbezbiurka.wordpress.com\/2025\/03\/17\/narciarski-test-kampera\/\" data-type=\"link\" data-id=\"https:\/\/hrbezbiurka.wordpress.com\/2025\/03\/17\/narciarski-test-kampera\/\" target=\"_blank\" rel=\"noreferrer noopener\">tutaj<\/a><\/strong>. Angloj\u0119zyczna relacja innej testerki: <a href=\"https:\/\/snowsportgirl.wordpress.com\/2025\/04\/01\/vanlife-skiing-in-alps-testing-a-camervan-rv\/\" target=\"_blank\" rel=\"noreferrer noopener\"><strong>tutaj<\/strong> <\/a> oraz <strong><a href=\"https:\/\/snowsportgirl.wordpress.com\/2025\/10\/20\/free-summer-campervan-tests\/\" data-type=\"link\" data-id=\"https:\/\/snowsportgirl.wordpress.com\/2025\/10\/20\/free-summer-campervan-tests\/\" target=\"_blank\" rel=\"noreferrer noopener\">tutaj<\/a><\/strong>.<\/p>\n\n\n\n<p><strong>By zg\u0142osi\u0107 si\u0119 do test\u00f3w, prosimy o KOMPLETNE wype\u0142nienie poni\u017cszego formularza <\/strong>(podaj tak\u017ce wzrost &#8211; niekt\u00f3re kampery testowe maj\u0105 obni\u017cony sufit i nieco kr\u00f3tsze \u0142\u00f3\u017cka):<\/p>\n\n\n\n<div class=\"wp-block-contact-form-7-contact-form-selector\">\n<div class=\"wpcf7 no-js\" id=\"wpcf7-f112-o1\" lang=\"pl-PL\" dir=\"ltr\" data-wpcf7-id=\"112\">\n<div class=\"screen-reader-response\"><p role=\"status\" aria-live=\"polite\" aria-atomic=\"true\"><\/p> <ul><\/ul><\/div>\n<form action=\"\/index.php\/wp-json\/wp\/v2\/pages\/66#wpcf7-f112-o1\" method=\"post\" class=\"wpcf7-form init\" aria-label=\"Formularz kontaktowy\" novalidate=\"novalidate\" data-status=\"init\">\n<fieldset class=\"hidden-fields-container\"><input type=\"hidden\" name=\"_wpcf7\" value=\"112\" \/><input type=\"hidden\" name=\"_wpcf7_version\" value=\"6.1.2\" \/><input type=\"hidden\" name=\"_wpcf7_locale\" value=\"pl_PL\" \/><input type=\"hidden\" name=\"_wpcf7_unit_tag\" value=\"wpcf7-f112-o1\" \/><input type=\"hidden\" name=\"_wpcf7_container_post\" value=\"0\" \/><input type=\"hidden\" name=\"_wpcf7_posted_data_hash\" value=\"\" \/>\n<\/fieldset>\n<p><label> Twoje imi\u0119 i nazwisko<br \/>\n<span class=\"wpcf7-form-control-wrap\" data-name=\"imie\"><input size=\"40\" maxlength=\"400\" class=\"wpcf7-form-control wpcf7-text wpcf7-validates-as-required\" aria-required=\"true\" aria-invalid=\"false\" value=\"\" type=\"text\" name=\"imie\" \/><\/span> <\/label>\n<\/p>\n<p><label> Tw\u00f3j email lub inna preferowana forma kontaktu (telefon, Messenger...)<br \/>\n<span class=\"wpcf7-form-control-wrap\" data-name=\"your-email\"><input size=\"40\" maxlength=\"400\" class=\"wpcf7-form-control wpcf7-email wpcf7-validates-as-required wpcf7-text wpcf7-validates-as-email\" aria-required=\"true\" aria-invalid=\"false\" value=\"\" type=\"email\" name=\"your-email\" \/><\/span> <\/label>\n<\/p>\n<p><label> Miejscowo\u015b\u0107 i wojew\u00f3dztwo w kt\u00f3rym mieszkasz<br \/>\n<span class=\"wpcf7-form-control-wrap\" data-name=\"adres\"><input size=\"40\" maxlength=\"400\" class=\"wpcf7-form-control wpcf7-text wpcf7-validates-as-required\" aria-required=\"true\" aria-invalid=\"false\" value=\"\" type=\"text\" name=\"adres\" \/><\/span> <\/label>\n<\/p>\n<p><label> Opisz swoje preferencje co do d\u0142ugo\u015bci i termin\u00f3w wyjazd\u00f3w - np \"tylko weekendy\", \"tylko wakacje\", albo \"oboj\u0119tnie\", \"do tygodnia\" albo \"dowolna d\u0142ugo\u015b\u0107\" itp.<br \/>\n<span class=\"wpcf7-form-control-wrap\" data-name=\"terminy\"><textarea cols=\"40\" rows=\"10\" maxlength=\"2000\" class=\"wpcf7-form-control wpcf7-textarea\" aria-invalid=\"false\" name=\"terminy\"><\/textarea><\/span> <\/label>\n<\/p>\n<p><label> Je\u015bli masz preferowane kierunki - opisz je. Np. \"tylko Polska\" albo \"ca\u0142a Europa\".<br \/>\n<span class=\"wpcf7-form-control-wrap\" data-name=\"miejsca\"><textarea cols=\"40\" rows=\"10\" maxlength=\"2000\" class=\"wpcf7-form-control wpcf7-textarea\" aria-invalid=\"false\" name=\"miejsca\"><\/textarea><\/span> <\/label>\n<\/p>\n<p><label> Jakiego jeste\u015b wzrostu? <span class=\"wpcf7-form-control-wrap\" data-name=\"Wzrostwcm\"><input class=\"wpcf7-form-control wpcf7-number wpcf7-validates-as-number\" aria-invalid=\"false\" value=\"\" type=\"number\" name=\"Wzrostwcm\" \/><\/span> <\/label>\n<\/p>\n<p>Je\u015bli jeste\u015b singlem, pom\u00f3\u017c nam dobra\u0107 dla Ciebie dopasowanego partnera (w miar\u0119 mo\u017cliwo\u015bci \ud83d\ude09 )\n<\/p>\n<p>Jakie aktywno\u015bci lubisz? <span class=\"wpcf7-form-control-wrap\" data-name=\"checkbox-336\"><span class=\"wpcf7-form-control wpcf7-checkbox\"><span class=\"wpcf7-list-item first\"><label><input type=\"checkbox\" name=\"checkbox-336[]\" value=\"Kajaki\" \/><span class=\"wpcf7-list-item-label\">Kajaki<\/span><\/label><\/span><span class=\"wpcf7-list-item\"><label><input type=\"checkbox\" name=\"checkbox-336[]\" value=\"P\u0142ywanie lub snorkeling\" \/><span class=\"wpcf7-list-item-label\">P\u0142ywanie lub snorkeling<\/span><\/label><\/span><span class=\"wpcf7-list-item\"><label><input type=\"checkbox\" name=\"checkbox-336[]\" value=\"Rower\" \/><span class=\"wpcf7-list-item-label\">Rower<\/span><\/label><\/span><span class=\"wpcf7-list-item\"><label><input type=\"checkbox\" name=\"checkbox-336[]\" value=\"\u017beglarstwo\" \/><span class=\"wpcf7-list-item-label\">\u017beglarstwo<\/span><\/label><\/span><span class=\"wpcf7-list-item\"><label><input type=\"checkbox\" name=\"checkbox-336[]\" value=\"Trekking g\u00f3rski\" \/><span class=\"wpcf7-list-item-label\">Trekking g\u00f3rski<\/span><\/label><\/span><span class=\"wpcf7-list-item\"><label><input type=\"checkbox\" name=\"checkbox-336[]\" value=\"Wspinaczka ska\u0142kowa\" \/><span class=\"wpcf7-list-item-label\">Wspinaczka ska\u0142kowa<\/span><\/label><\/span><span class=\"wpcf7-list-item\"><label><input type=\"checkbox\" name=\"checkbox-336[]\" value=\"Narty lub snowboard\" \/><span class=\"wpcf7-list-item-label\">Narty lub snowboard<\/span><\/label><\/span><span class=\"wpcf7-list-item\"><label><input type=\"checkbox\" name=\"checkbox-336[]\" value=\"Spacery\" \/><span class=\"wpcf7-list-item-label\">Spacery<\/span><\/label><\/span><span class=\"wpcf7-list-item\"><label><input type=\"checkbox\" name=\"checkbox-336[]\" value=\"Pla\u017cowanie\" \/><span class=\"wpcf7-list-item-label\">Pla\u017cowanie<\/span><\/label><\/span><span class=\"wpcf7-list-item\"><label><input type=\"checkbox\" name=\"checkbox-336[]\" value=\"Grillowanie\" \/><span class=\"wpcf7-list-item-label\">Grillowanie<\/span><\/label><\/span><span class=\"wpcf7-list-item\"><label><input type=\"checkbox\" name=\"checkbox-336[]\" value=\"Imprezy dyskoteki kluby\" \/><span class=\"wpcf7-list-item-label\">Imprezy dyskoteki kluby<\/span><\/label><\/span><span class=\"wpcf7-list-item\"><label><input type=\"checkbox\" name=\"checkbox-336[]\" value=\"Zwiedzanie miast i zabytk\u00f3w\" \/><span class=\"wpcf7-list-item-label\">Zwiedzanie miast i zabytk\u00f3w<\/span><\/label><\/span><span class=\"wpcf7-list-item last\"><label><input type=\"checkbox\" name=\"checkbox-336[]\" value=\"Inne\" \/><span class=\"wpcf7-list-item-label\">Inne<\/span><\/label><\/span><\/span><\/span>\n<\/p>\n<p>Jakie masz prawo jazdy? <span class=\"wpcf7-form-control-wrap\" data-name=\"prawko\"><span class=\"wpcf7-form-control wpcf7-checkbox\"><span class=\"wpcf7-list-item first\"><label><input type=\"checkbox\" name=\"prawko[]\" value=\"nie mam prawa jazdy\" \/><span class=\"wpcf7-list-item-label\">nie mam prawa jazdy<\/span><\/label><\/span><span class=\"wpcf7-list-item\"><label><input type=\"checkbox\" name=\"prawko[]\" value=\"Kategoria B\" \/><span class=\"wpcf7-list-item-label\">Kategoria B<\/span><\/label><\/span><span class=\"wpcf7-list-item last\"><label><input type=\"checkbox\" name=\"prawko[]\" value=\"Kategoria C lub wy\u017csze\" \/><span class=\"wpcf7-list-item-label\">Kategoria C lub wy\u017csze<\/span><\/label><\/span><\/span><\/span> (Je\u015bli nie masz C a jeste\u015b singlem, poszukamy Ci partnera z prawem C).\n<\/p>\n<p><label> Ile masz lat? <span class=\"wpcf7-form-control-wrap\" data-name=\"Wiek\"><input class=\"wpcf7-form-control wpcf7-number wpcf7-validates-as-number\" aria-invalid=\"false\" value=\"\" type=\"number\" name=\"Wiek\" \/><\/span> <\/label>\n<\/p>\n<p><span class=\"wpcf7-form-control-wrap\" data-name=\"Pe\"><span class=\"wpcf7-form-control wpcf7-checkbox\"><span class=\"wpcf7-list-item first\"><span class=\"wpcf7-list-item-label\">Jako partnera wol\u0119 kobiet\u0119<\/span><input type=\"checkbox\" name=\"Pe[]\" value=\"Jako partnera wol\u0119 kobiet\u0119\" \/><\/span><span class=\"wpcf7-list-item\"><span class=\"wpcf7-list-item-label\">Jako partnera wol\u0119 m\u0119\u017cczyzn\u0119<\/span><input type=\"checkbox\" name=\"Pe[]\" value=\"Jako partnera wol\u0119 m\u0119\u017cczyzn\u0119\" \/><\/span><span class=\"wpcf7-list-item\"><span class=\"wpcf7-list-item-label\">Partner mo\u017ce by\u0107 dowolnej p\u0142ci<\/span><input type=\"checkbox\" name=\"Pe[]\" value=\"Partner mo\u017ce by\u0107 dowolnej p\u0142ci\" \/><\/span><span class=\"wpcf7-list-item last\"><span class=\"wpcf7-list-item-label\">Mam ju\u017c partnera i zg\u0142aszam nas oboje<\/span><input type=\"checkbox\" name=\"Pe[]\" value=\"Mam ju\u017c partnera i zg\u0142aszam nas oboje\" \/><\/span><\/span><\/span>\n<\/p>\n<p><label> B\u0119dzie nam mi\u0142o, je\u015bli wkleisz tu link do swojego profilu na FB, LinkedIn czy Instagramie - fajnie si\u0119 czyta wiadomo\u015b\u0107 od osoby, kt\u00f3r\u0105 mo\u017cna zobaczy\u0107 <span class=\"wpcf7-form-control-wrap\" data-name=\"url-316\"><input size=\"40\" maxlength=\"400\" class=\"wpcf7-form-control wpcf7-url wpcf7-text wpcf7-validates-as-url\" aria-invalid=\"false\" value=\"\" type=\"url\" name=\"url-316\" \/><\/span> <\/label>\n<\/p>\n<p><input class=\"wpcf7-form-control wpcf7-submit has-spinner\" type=\"submit\" value=\"Wy\u015blij\" \/>\n<\/p><div class=\"wpcf7-response-output\" aria-hidden=\"true\"><\/div>\n<\/form>\n<\/div>\n<\/div>\n\n\n\n<p>Chcieliby\u015bmy uczciwie doda\u0107: nie damy rady udost\u0119pni\u0107 kamper\u00f3w wszystkim ch\u0119tnym. Kogo wi\u0119c wybieramy? O tym decyduje klient i konkretna seria test\u00f3w. Czasem potrzebujemy narciarzy ch\u0119tnych zimowa\u0107 &#8222;na dziko&#8221;, innym razem osoby zainteresowane zorganizowanym kempingiem na pla\u017cy. Czasem kampers\u00f3w &#8222;stacjonarnych&#8221; (2 tygodnie w jednym miejscu) a czasem nomad\u00f3w (ka\u017cdy nocleg gdzie indziej &#8211; zwykle poza kempingami). Z g\u00f3ry przepraszamy tych, kt\u00f3rym b\u0119dziemy musieli odm\u00f3wi\u0107. <\/p>\n","protected":false},"excerpt":{"rendered":"<p>Wszystkie nasze rozwi\u0105zania przechodz\u0105 trzy testy. Najpierw laboratoryjno \u2013 homologacyjne (np. bezpiecze\u0144stwa). &nbsp;Potem obci\u0105\u017ceniowe (wytrzyma\u0142o\u015bci, bezawaryjno\u015bci). I na ko\u0144cu konsumenckie (wygody, \u0142atwo\u015bci i praktyczno\u015bci obs\u0142ugi). Do tych trzecich stale poszukujemy tester\u00f3w (singli i pary). Os\u00f3b, kt\u00f3re nie s\u0105 do\u015bwiadczonymi kamperowiczami, ale interesuje ich wypoczynek w kamperze lub przyczepie. &nbsp;Wasz punkt [&hellip;]<\/p>\n","protected":false},"author":1,"featured_media":0,"parent":0,"menu_order":0,"comment_status":"closed","ping_status":"closed","template":"","meta":{"footnotes":""},"class_list":["post-66","page","type-page","status-publish","hentry"],"_links":{"self":[{"href":"https:\/\/www.kampery.info.pl\/index.php\/wp-json\/wp\/v2\/pages\/66","targetHints":{"allow":["GET"]}}],"collection":[{"href":"https:\/\/www.kampery.info.pl\/index.php\/wp-json\/wp\/v2\/pages"}],"about":[{"href":"https:\/\/www.kampery.info.pl\/index.php\/wp-json\/wp\/v2\/types\/page"}],"author":[{"embeddable":true,"href":"https:\/\/www.kampery.info.pl\/index.php\/wp-json\/wp\/v2\/users\/1"}],"replies":[{"embeddable":true,"href":"https:\/\/www.kampery.info.pl\/index.php\/wp-json\/wp\/v2\/comments?post=66"}],"version-history":[{"count":27,"href":"https:\/\/www.kampery.info.pl\/index.php\/wp-json\/wp\/v2\/pages\/66\/revisions"}],"predecessor-version":[{"id":297,"href":"https:\/\/www.kampery.info.pl\/index.php\/wp-json\/wp\/v2\/pages\/66\/revisions\/297"}],"wp:attachment":[{"href":"https:\/\/www.kampery.info.pl\/index.php\/wp-json\/wp\/v2\/media?parent=66"}],"curies":[{"name":"wp","href":"https:\/\/api.w.org\/{rel}","templated":true}]}}